{"id":209,"date":"2026-02-24T13:12:52","date_gmt":"2026-02-24T12:12:52","guid":{"rendered":"https:\/\/odszkodowaniagornicze.com\/?page_id=209"},"modified":"2026-02-24T13:12:54","modified_gmt":"2026-02-24T12:12:54","slug":"sygnalisci","status":"publish","type":"page","link":"https:\/\/odszkodowaniagornicze.com\/index.php\/sygnalisci\/","title":{"rendered":"Sygnali\u015bci"},"content":{"rendered":"\n[et_pb_section fb_built=&#8221;1&#8243; _builder_version=&#8221;4.27.4&#8243; _module_preset=&#8221;default&#8221; global_colors_info=&#8221;{}&#8221; theme_builder_area=&#8221;post_content&#8221;][et_pb_row _builder_version=&#8221;4.27.4&#8243; _module_preset=&#8221;default&#8221; global_colors_info=&#8221;{}&#8221; theme_builder_area=&#8221;post_content&#8221;][et_pb_column type=&#8221;4_4&#8243; _builder_version=&#8221;4.27.4&#8243; _module_preset=&#8221;default&#8221; global_colors_info=&#8221;{}&#8221; theme_builder_area=&#8221;post_content&#8221;][et_pb_text _builder_version=&#8221;4.27.4&#8243; _module_preset=&#8221;default&#8221; hover_enabled=&#8221;0&#8243; global_colors_info=&#8221;{}&#8221; theme_builder_area=&#8221;post_content&#8221; text_font=&#8221;Poppins||||||||&#8221; link_font=&#8221;Poppins|600|||||||&#8221; link_text_color=&#8221;#fcd21d&#8221; sticky_enabled=&#8221;0&#8243; header_font=&#8221;Poppins||||||||&#8221; header_font_size=&#8221;49px&#8221;]<div class=\"et_pb_module et_pb_heading et_pb_heading_0 et_pb_bg_layout_\">\n<div class=\"et_pb_heading_container\">\n<h1 class=\"et_pb_module_heading\"><strong>Kontakt<\/strong><\/h1>\n<\/div>\n<\/div>\n<div class=\"et_pb_module et_pb_divider_0 et_pb_space et_pb_divider_hidden\">\n<div class=\"et_pb_divider_internal\"><\/div>\n<\/div>\n<div class=\"et_pb_module et_pb_text et_pb_text_0  et_pb_text_align_left et_pb_bg_layout_light\">\n<div class=\"et_pb_text_inner\">\n<div><strong>Adresy do dokonywania zg\u0142osze\u0144:<\/strong><\/div>\n<div>ul. Wy\u015bcigowa 56i, 53-012 Wroc\u0142aw \u2013 list nale\u017cy opatrzy\u0107 dopiskiem \u201cSygnalista\u201d <a href=\"mailto:sygnalisci@halasiwspolnicy.pl\">sygnalisci@halasiwspolnicy.pl<\/a><\/div>\n<\/div>\n<\/div>\n<div class=\"et_pb_module et_pb_divider_1 et_pb_space et_pb_divider_hidden\">\n<div class=\"et_pb_divider_internal\"><\/div>\n<\/div>\n<div class=\"et_pb_module et_pb_divider_2 et_pb_space et_pb_divider_hidden\">\n<div class=\"et_pb_divider_internal\"><\/div>\n<\/div>\n<div class=\"et_pb_module et_pb_text et_pb_text_3  et_pb_text_align_left et_pb_bg_layout_light\">\n<div class=\"et_pb_text_inner\">\n<h3><a href=\"https:\/\/odszkodowaniagornicze.com\/wp-content\/uploads\/2026\/02\/2025-12-01-REGULAMIN-ZGLASZANIA-NARUSZEN-PRAWA-ORAZ-PODEJMOWANIA-DZIALAN-NASTEPCZYCH-GK-VOTUM.pdf\">Regulamin sygnalist\u00f3w do pobrania<\/a><\/h3>\n<\/div>\n<\/div>\n<div class=\"et_pb_module et_pb_text et_pb_text_4  et_pb_text_align_left et_pb_bg_layout_light\">\n<div class=\"et_pb_text_inner\">\n<h3><a href=\"https:\/\/odszkodowaniagornicze.com\/wp-content\/uploads\/2026\/02\/Kl.-inf.-SYGNALISCI-KiW-1.pdf\">Informacja o przetwarzaniu danych osobowych do pobrania<\/a><\/h3>\n<\/div>\n<\/div>[\/et_pb_text][\/et_pb_column][\/et_pb_row][\/et_pb_section]\n","protected":false},"excerpt":{"rendered":"<p>Kontakt Adresy do dokonywania zg\u0142osze\u0144: ul. Wy\u015bcigowa 56i, 53-012 Wroc\u0142aw \u2013 list nale\u017cy opatrzy\u0107 dopiskiem \u201cSygnalista\u201d sygnalisci@halasiwspolnicy.pl Regulamin sygnalist\u00f3w do pobrania Informacja o przetwarzaniu danych osobowych do pobrania<\/p>\n","protected":false},"author":2,"featured_media":0,"parent":0,"menu_order":0,"comment_status":"closed","ping_status":"closed","template":"","meta":{"_et_pb_use_builder":"on","_et_pb_old_content":"","_et_gb_content_width":"","footnotes":""},"class_list":["post-209","page","type-page","status-publish","hentry"],"aioseo_notices":[],"_links":{"self":[{"href":"https:\/\/odszkodowaniagornicze.com\/index.php\/wp-json\/wp\/v2\/pages\/209","targetHints":{"allow":["GET"]}}],"collection":[{"href":"https:\/\/odszkodowaniagornicze.com\/index.php\/wp-json\/wp\/v2\/pages"}],"about":[{"href":"https:\/\/odszkodowaniagornicze.com\/index.php\/wp-json\/wp\/v2\/types\/page"}],"author":[{"embeddable":true,"href":"https:\/\/odszkodowaniagornicze.com\/index.php\/wp-json\/wp\/v2\/users\/2"}],"replies":[{"embeddable":true,"href":"https:\/\/odszkodowaniagornicze.com\/index.php\/wp-json\/wp\/v2\/comments?post=209"}],"version-history":[{"count":3,"href":"https:\/\/odszkodowaniagornicze.com\/index.php\/wp-json\/wp\/v2\/pages\/209\/revisions"}],"predecessor-version":[{"id":215,"href":"https:\/\/odszkodowaniagornicze.com\/index.php\/wp-json\/wp\/v2\/pages\/209\/revisions\/215"}],"wp:attachment":[{"href":"https:\/\/odszkodowaniagornicze.com\/index.php\/wp-json\/wp\/v2\/media?parent=209"}],"curies":[{"name":"wp","href":"https:\/\/api.w.org\/{rel}","templated":true}]}}